{"id":68,"date":"2011-04-10T16:37:23","date_gmt":"2011-04-10T14:37:23","guid":{"rendered":"https:\/\/staskovci.sk\/?page_id=68"},"modified":"2011-06-26T21:23:41","modified_gmt":"2011-06-26T19:23:41","slug":"organizatori","status":"publish","type":"page","link":"https:\/\/www.staskovci.sk\/?page_id=68","title":{"rendered":"Kontakt"},"content":{"rendered":"<p>Ak\u00e9ko\u013evek ot\u00e1zky s\u00favisiace so stretnut\u00edm V\u00e1m radi zodpovieme na emailovej adrese: <strong>staskovci2011@gmail.com<\/strong><\/p>\n<p><strong>Organiz\u00e1tori:<\/strong><\/p>\n<ul>\n<li>Robo Sta\u0161ko &#8211; celkov\u00e1 koordin\u00e1cia stretnutia, rodostrom, publik\u00e1cia Sta\u0161kovci<\/li>\n<li>J\u00e1n Sta\u0161ko &#8211;\u00a0technick\u00e9 a\u00a0programov\u00e9 zabezpe\u010denie stretnutia<\/li>\n<li>Jana Kraj\u010diov\u00e1 &#8211; arch\u00edv, technick\u00e9 a\u00a0programov\u00e9 zabezpe\u010denie stretnutia<\/li>\n<li>M\u00e1ria Turl\u00edkov\u00e1 &#8211; komunik\u00e1cia, financie<\/li>\n<li>Lucia A\u0161taryov\u00e1 &#8211; spr\u00e1vca webu, spracovanie \u00fadajov<\/li>\n<\/ul>\n","protected":false},"excerpt":{"rendered":"<p>Ak\u00e9ko\u013evek ot\u00e1zky s\u00favisiace so stretnut\u00edm V\u00e1m radi zodpovieme na emailovej adrese: staskovci2011@gmail.com Organiz\u00e1tori: Robo Sta\u0161ko &#8211; celkov\u00e1 koordin\u00e1cia stretnutia, rodostrom, publik\u00e1cia Sta\u0161kovci J\u00e1n Sta\u0161ko &#8211;\u00a0technick\u00e9 a\u00a0programov\u00e9 zabezpe\u010denie stretnutia Jana Kraj\u010diov\u00e1 &#8211; arch\u00edv, technick\u00e9 a\u00a0programov\u00e9 zabezpe\u010denie stretnutia M\u00e1ria Turl\u00edkov\u00e1 &#8211; komunik\u00e1cia, &hellip; <a href=\"https:\/\/www.staskovci.sk\/?page_id=68\">Pokra\u010dova\u0165 v \u010d\u00edtan\u00ed <span class=\"meta-nav\">&rarr;<\/span><\/a><\/p>\n","protected":false},"author":1,"featured_media":0,"parent":0,"menu_order":20,"comment_status":"closed","ping_status":"closed","template":"","meta":{"footnotes":""},"class_list":["post-68","page","type-page","status-publish","hentry"],"_links":{"self":[{"href":"https:\/\/www.staskovci.sk\/index.php?rest_route=\/wp\/v2\/pages\/68","targetHints":{"allow":["GET"]}}],"collection":[{"href":"https:\/\/www.staskovci.sk\/index.php?rest_route=\/wp\/v2\/pages"}],"about":[{"href":"https:\/\/www.staskovci.sk\/index.php?rest_route=\/wp\/v2\/types\/page"}],"author":[{"embeddable":true,"href":"https:\/\/www.staskovci.sk\/index.php?rest_route=\/wp\/v2\/users\/1"}],"replies":[{"embeddable":true,"href":"https:\/\/www.staskovci.sk\/index.php?rest_route=%2Fwp%2Fv2%2Fcomments&post=68"}],"version-history":[{"count":17,"href":"https:\/\/www.staskovci.sk\/index.php?rest_route=\/wp\/v2\/pages\/68\/revisions"}],"predecessor-version":[{"id":83,"href":"https:\/\/www.staskovci.sk\/index.php?rest_route=\/wp\/v2\/pages\/68\/revisions\/83"}],"wp:attachment":[{"href":"https:\/\/www.staskovci.sk\/index.php?rest_route=%2Fwp%2Fv2%2Fmedia&parent=68"}],"curies":[{"name":"wp","href":"https:\/\/api.w.org\/{rel}","templated":true}]}}