{"id":283,"date":"2011-07-02T21:31:43","date_gmt":"2011-07-02T19:31:43","guid":{"rendered":"http:\/\/www.staskovci.sk\/?page_id=283"},"modified":"2011-07-04T16:46:46","modified_gmt":"2011-07-04T14:46:46","slug":"archiv","status":"publish","type":"page","link":"https:\/\/www.staskovci.sk\/?page_id=283","title":{"rendered":"Arch\u00edv"},"content":{"rendered":"<p>T\u00e1to str\u00e1nka sl\u00fa\u017ei k archiv\u00e1cii u\u017e neaktu\u00e1lnych str\u00e1nok.<\/p>\n","protected":false},"excerpt":{"rendered":"<p>T\u00e1to str\u00e1nka sl\u00fa\u017ei k archiv\u00e1cii u\u017e neaktu\u00e1lnych str\u00e1nok.<\/p>\n","protected":false},"author":1,"featured_media":0,"parent":0,"menu_order":3,"comment_status":"closed","ping_status":"closed","template":"","meta":{"footnotes":""},"class_list":["post-283","page","type-page","status-publish","hentry"],"_links":{"self":[{"href":"https:\/\/www.staskovci.sk\/index.php?rest_route=\/wp\/v2\/pages\/283","targetHints":{"allow":["GET"]}}],"collection":[{"href":"https:\/\/www.staskovci.sk\/index.php?rest_route=\/wp\/v2\/pages"}],"about":[{"href":"https:\/\/www.staskovci.sk\/index.php?rest_route=\/wp\/v2\/types\/page"}],"author":[{"embeddable":true,"href":"https:\/\/www.staskovci.sk\/index.php?rest_route=\/wp\/v2\/users\/1"}],"replies":[{"embeddable":true,"href":"https:\/\/www.staskovci.sk\/index.php?rest_route=%2Fwp%2Fv2%2Fcomments&post=283"}],"version-history":[{"count":4,"href":"https:\/\/www.staskovci.sk\/index.php?rest_route=\/wp\/v2\/pages\/283\/revisions"}],"predecessor-version":[{"id":322,"href":"https:\/\/www.staskovci.sk\/index.php?rest_route=\/wp\/v2\/pages\/283\/revisions\/322"}],"wp:attachment":[{"href":"https:\/\/www.staskovci.sk\/index.php?rest_route=%2Fwp%2Fv2%2Fmedia&parent=283"}],"curies":[{"name":"wp","href":"https:\/\/api.w.org\/{rel}","templated":true}]}}