{"id":20,"date":"2011-03-18T10:50:42","date_gmt":"2011-03-18T09:50:42","guid":{"rendered":"https:\/\/staskovci.sk\/?page_id=20"},"modified":"2025-04-21T18:34:44","modified_gmt":"2025-04-21T16:34:44","slug":"fotky","status":"publish","type":"page","link":"https:\/\/www.staskovci.sk\/?page_id=20","title":{"rendered":"Fotky"},"content":{"rendered":"<p>Fotky zo stretnutia n\u00e1jdete <a href=\"https:\/\/picasaweb.google.com\/staskovci2011\">tu<\/a>.<\/p>\n<p>Ni\u017e\u0161ie n\u00e1jdete historick\u00e9 fotky s popisom jednotliv\u00fdch os\u00f4b.<\/p>\n<div id='gallery-1' class='gallery galleryid-20 gallery-columns-3 gallery-size-thumbnail'><dl class='gallery-item'>\n\t\t\t<dt class='gallery-icon landscape'>\n\t\t\t\t<a href='https:\/\/www.staskovci.sk\/?attachment_id=154'><img loading=\"lazy\" decoding=\"async\" width=\"150\" height=\"150\" src=\"https:\/\/www.staskovci.sk\/wp-content\/uploads\/2011\/03\/fotka_20te_roky-150x150.jpg\" class=\"attachment-thumbnail size-thumbnail\" alt=\"\" \/><\/a>\n\t\t\t<\/dt><\/dl><dl class='gallery-item'>\n\t\t\t<dt class='gallery-icon landscape'>\n\t\t\t\t<a href='https:\/\/www.staskovci.sk\/?attachment_id=347'><img loading=\"lazy\" decoding=\"async\" width=\"150\" height=\"150\" src=\"https:\/\/www.staskovci.sk\/wp-content\/uploads\/2025\/04\/Stasko_richtar_1942-150x150.jpg\" class=\"attachment-thumbnail size-thumbnail\" alt=\"\" \/><\/a>\n\t\t\t<\/dt><\/dl><dl class='gallery-item'>\n\t\t\t<dt class='gallery-icon landscape'>\n\t\t\t\t<a href='https:\/\/www.staskovci.sk\/?attachment_id=152'><img loading=\"lazy\" decoding=\"async\" width=\"150\" height=\"150\" src=\"https:\/\/www.staskovci.sk\/wp-content\/uploads\/2011\/03\/foto104-150x150.jpg\" class=\"attachment-thumbnail size-thumbnail\" alt=\"\" \/><\/a>\n\t\t\t<\/dt><\/dl><br style=\"clear: both\" \/><dl class='gallery-item'>\n\t\t\t<dt class='gallery-icon landscape'>\n\t\t\t\t<a href='https:\/\/www.staskovci.sk\/?attachment_id=151'><img loading=\"lazy\" decoding=\"async\" width=\"150\" height=\"150\" src=\"https:\/\/www.staskovci.sk\/wp-content\/uploads\/2011\/03\/foto105-150x150.jpg\" class=\"attachment-thumbnail size-thumbnail\" alt=\"\" \/><\/a>\n\t\t\t<\/dt><\/dl><dl class='gallery-item'>\n\t\t\t<dt class='gallery-icon portrait'>\n\t\t\t\t<a href='https:\/\/www.staskovci.sk\/?attachment_id=144'><img loading=\"lazy\" decoding=\"async\" width=\"150\" height=\"150\" src=\"https:\/\/www.staskovci.sk\/wp-content\/uploads\/2011\/03\/foto103-150x150.jpg\" class=\"attachment-thumbnail size-thumbnail\" alt=\"\" \/><\/a>\n\t\t\t<\/dt><\/dl><dl class='gallery-item'>\n\t\t\t<dt class='gallery-icon portrait'>\n\t\t\t\t<a href='https:\/\/www.staskovci.sk\/?attachment_id=148'><img loading=\"lazy\" decoding=\"async\" width=\"150\" height=\"150\" src=\"https:\/\/www.staskovci.sk\/wp-content\/uploads\/2011\/03\/album02-150x150.jpg\" class=\"attachment-thumbnail size-thumbnail\" alt=\"\" \/><\/a>\n\t\t\t<\/dt><\/dl><br style=\"clear: both\" \/><dl class='gallery-item'>\n\t\t\t<dt class='gallery-icon landscape'>\n\t\t\t\t<a href='https:\/\/www.staskovci.sk\/?attachment_id=150'><img loading=\"lazy\" decoding=\"async\" width=\"150\" height=\"150\" src=\"https:\/\/www.staskovci.sk\/wp-content\/uploads\/2011\/03\/album03-150x150.jpg\" class=\"attachment-thumbnail size-thumbnail\" alt=\"\" srcset=\"https:\/\/www.staskovci.sk\/wp-content\/uploads\/2011\/03\/album03-150x150.jpg 150w, https:\/\/www.staskovci.sk\/wp-content\/uploads\/2011\/03\/album03-300x298.jpg 300w, https:\/\/www.staskovci.sk\/wp-content\/uploads\/2011\/03\/album03-50x50.jpg 50w, https:\/\/www.staskovci.sk\/wp-content\/uploads\/2011\/03\/album03-410x408.jpg 410w, https:\/\/www.staskovci.sk\/wp-content\/uploads\/2011\/03\/album03.jpg 626w\" sizes=\"auto, (max-width: 150px) 100vw, 150px\" \/><\/a>\n\t\t\t<\/dt><\/dl><dl class='gallery-item'>\n\t\t\t<dt class='gallery-icon landscape'>\n\t\t\t\t<a href='https:\/\/www.staskovci.sk\/?attachment_id=149'><img loading=\"lazy\" decoding=\"async\" width=\"150\" height=\"150\" src=\"https:\/\/www.staskovci.sk\/wp-content\/uploads\/2011\/03\/album04-150x150.jpg\" class=\"attachment-thumbnail size-thumbnail\" alt=\"\" \/><\/a>\n\t\t\t<\/dt><\/dl><dl class='gallery-item'>\n\t\t\t<dt class='gallery-icon landscape'>\n\t\t\t\t<a href='https:\/\/www.staskovci.sk\/?attachment_id=147'><img loading=\"lazy\" decoding=\"async\" width=\"150\" height=\"150\" src=\"https:\/\/www.staskovci.sk\/wp-content\/uploads\/2011\/03\/album06-150x150.jpg\" class=\"attachment-thumbnail size-thumbnail\" alt=\"\" \/><\/a>\n\t\t\t<\/dt><\/dl><br style=\"clear: both\" \/><dl class='gallery-item'>\n\t\t\t<dt class='gallery-icon landscape'>\n\t\t\t\t<a href='https:\/\/www.staskovci.sk\/?attachment_id=146'><img loading=\"lazy\" decoding=\"async\" width=\"150\" height=\"150\" src=\"https:\/\/www.staskovci.sk\/wp-content\/uploads\/2011\/03\/album07-150x150.jpg\" class=\"attachment-thumbnail size-thumbnail\" alt=\"\" \/><\/a>\n\t\t\t<\/dt><\/dl><dl class='gallery-item'>\n\t\t\t<dt class='gallery-icon portrait'>\n\t\t\t\t<a href='https:\/\/www.staskovci.sk\/?attachment_id=145'><img loading=\"lazy\" decoding=\"async\" width=\"150\" height=\"150\" src=\"https:\/\/www.staskovci.sk\/wp-content\/uploads\/2011\/03\/album05-150x150.jpg\" class=\"attachment-thumbnail size-thumbnail\" alt=\"\" srcset=\"https:\/\/www.staskovci.sk\/wp-content\/uploads\/2011\/03\/album05-150x150.jpg 150w, https:\/\/www.staskovci.sk\/wp-content\/uploads\/2011\/03\/album05-298x300.jpg 298w, https:\/\/www.staskovci.sk\/wp-content\/uploads\/2011\/03\/album05-50x50.jpg 50w, https:\/\/www.staskovci.sk\/wp-content\/uploads\/2011\/03\/album05-410x412.jpg 410w, https:\/\/www.staskovci.sk\/wp-content\/uploads\/2011\/03\/album05.jpg 626w\" sizes=\"auto, (max-width: 150px) 100vw, 150px\" \/><\/a>\n\t\t\t<\/dt><\/dl><dl class='gallery-item'>\n\t\t\t<dt class='gallery-icon portrait'>\n\t\t\t\t<a href='https:\/\/www.staskovci.sk\/?attachment_id=153'><img loading=\"lazy\" decoding=\"async\" width=\"150\" height=\"150\" src=\"https:\/\/www.staskovci.sk\/wp-content\/uploads\/2011\/03\/kostol-150x150.jpg\" class=\"attachment-thumbnail size-thumbnail\" alt=\"\" \/><\/a>\n\t\t\t<\/dt><\/dl><br style=\"clear: both\" \/>\n\t\t<\/div>\n\n\n\n<p><\/p>\n","protected":false},"excerpt":{"rendered":"<p>Fotky zo stretnutia n\u00e1jdete tu. Ni\u017e\u0161ie n\u00e1jdete historick\u00e9 fotky s popisom jednotliv\u00fdch os\u00f4b.<\/p>\n","protected":false},"author":1,"featured_media":0,"parent":0,"menu_order":2,"comment_status":"closed","ping_status":"closed","template":"","meta":{"footnotes":""},"class_list":["post-20","page","type-page","status-publish","hentry"],"_links":{"self":[{"href":"https:\/\/www.staskovci.sk\/index.php?rest_route=\/wp\/v2\/pages\/20","targetHints":{"allow":["GET"]}}],"collection":[{"href":"https:\/\/www.staskovci.sk\/index.php?rest_route=\/wp\/v2\/pages"}],"about":[{"href":"https:\/\/www.staskovci.sk\/index.php?rest_route=\/wp\/v2\/types\/page"}],"author":[{"embeddable":true,"href":"https:\/\/www.staskovci.sk\/index.php?rest_route=\/wp\/v2\/users\/1"}],"replies":[{"embeddable":true,"href":"https:\/\/www.staskovci.sk\/index.php?rest_route=%2Fwp%2Fv2%2Fcomments&post=20"}],"version-history":[{"count":6,"href":"https:\/\/www.staskovci.sk\/index.php?rest_route=\/wp\/v2\/pages\/20\/revisions"}],"predecessor-version":[{"id":349,"href":"https:\/\/www.staskovci.sk\/index.php?rest_route=\/wp\/v2\/pages\/20\/revisions\/349"}],"wp:attachment":[{"href":"https:\/\/www.staskovci.sk\/index.php?rest_route=%2Fwp%2Fv2%2Fmedia&parent=20"}],"curies":[{"name":"wp","href":"https:\/\/api.w.org\/{rel}","templated":true}]}}