{"id":183,"date":"2011-06-10T22:06:20","date_gmt":"2011-06-10T20:06:20","guid":{"rendered":"http:\/\/www.staskovci.sk\/?page_id=183"},"modified":"2011-07-02T21:32:24","modified_gmt":"2011-07-02T19:32:24","slug":"program-2","status":"publish","type":"page","link":"https:\/\/www.staskovci.sk\/?page_id=183","title":{"rendered":"Program"},"content":{"rendered":"<p>Miesto a \u010das konania: \u013dubotice, 25.6.2011<\/p>\n<p><strong>Sprievodn\u00fd program:<\/strong><\/p>\n<p>10:00 \u2013 stretnutie na cintor\u00edne v\u00a0\u013duboticiach, obhliadka hrobov na\u0161ich predkov<\/p>\n<p><strong>Hlavn\u00fd program:<\/strong><\/p>\n<p>11:00 \u2013 sv\u00e4t\u00e1 om\u0161a za star\u00fdch rodi\u010dov v kostole v \u013duboticiach<\/p>\n<p>cca 12:00 \u2013 po skon\u010den\u00ed sv\u00e4tej om\u0161e presun do priestorov jed\u00e1lne Strednej odbornej \u0161koly, Bardejovsk\u00e1 24, \u013dubotice (cca 2.400m), kde prebehne samotn\u00e9 stretnutie.<br \/>\n<small>Zobrazi\u0165 <a style=\"color: #0000ff; text-align: left;\" href=\"http:\/\/maps.google.com\/maps\/ms?ie=UTF8&amp;hl=sk&amp;t=h&amp;msa=0&amp;msid=214474909068034722999.0004a47d6b4312cd6fcd3&amp;ll=49.011021,21.265969&amp;spn=0.009852,0.018239&amp;z=15&amp;source=embed\">miesta stretnutia<\/a> na v\u00e4\u010d\u0161ej mape<\/small><\/p>\n<p>Pre \u00fa\u010dastn\u00edkov bez vlastnej dopravy zabezpe\u010d\u00edme odvoz na miesto konania stretnutia. Zabezpe\u010den\u00e9 bude z\u00e1kladn\u00e9 ob\u010derstvenie (gul\u00e1\u0161, miner\u00e1lka, kol\u00e1\u010de, k\u00e1va), ozvu\u010denie priestoru a fotograf \u2013 mimo obvyklej fotodokument\u00e1cie po\u010d\u00edtame so spolo\u010dnou fotografiou v\u0161etk\u00fdch z\u00fa\u010dastnen\u00fdch.<\/p>\n<p>Pre \u00fa\u010dastn\u00edkov, ktor\u00ed by priv\u00edtali mo\u017enos\u0165 lacn\u00e9ho prenocovania priamo na mieste stretnutia, vieme zabezpe\u010di\u0165 ubytovanie na stredo\u0161kolskom intern\u00e1te Strednej odbornej \u0161koly, Bardejovsk\u00e1 24, \u013dubotice (priamo v\u00a0budove, kde prebehne samotn\u00e9 stretnutie) v\u00a0cene 5\u20ac\/osoba\/noc na z\u00e1klade po\u017eiadavky odoslanej na na\u0161u emailov\u00fa adresu <a href=\"mailto:staskovci2011@gmail.com\">staskovci2011@gmail.com<\/a><\/p>\n<p><a name=\"publikacie\">Pre \u00fa\u010dastn\u00edkov stretnutia sme z\u00e1rove\u0148 pripravili:<\/a><\/p>\n<ol>\n<li>publik\u00e1ciu Sta\u0161kovci s obsahom 15 listov form\u00e1tu A4 (297 x 210 mm) zviazan\u00fa v\u00a0hrebe\u0148ovej v\u00e4zbe (prieh\u013eadn\u00e1 prv\u00e1 strana, zadn\u00e1 strana imit\u00e1cia ko\u017ee) nasledovne:\n<ul>\n<li>List \u010d.1 \u2013 grafick\u00e9 zobrazenie rodostromu predkov J\u00e1na Sta\u0161ka (1888-1956) a Veroniky Sta\u0161kovej rod.Ondrej\u010d\u00edkovej (1891-1960) do zistite\u013enej hist\u00f3rie vr\u00e1tane sprievodn\u00e9ho koment\u00e1ra Jany Kraj\u010diovej a\u00a0Roba Sta\u0161ka<\/li>\n<\/ul>\n<ul>\n<li>List \u010d.2 \u2013 grafick\u00fdm zobrazenie tejto \u00farovne rodostromu spolu s textom Gizely Matiskovej o rodi\u010doch J\u00e1novi  a\u00a0Veronike<\/li>\n<\/ul>\n<ul>\n<li>List \u010d.3-15 \u2013 grafick\u00e9 zobrazenie rodostromu ka\u017edej z vetiev trin\u00e1stich det\u00ed J\u00e1na a Veroniky, spolu s textom pribli\u017euj\u00facim ich \u017eivotn\u00fd pr\u00edbeh o\u010dami ich potomkov<\/li>\n<\/ul>\n<\/li>\n<li>kompletn\u00fd rodostrom (472 os\u00f4b) vytla\u010den\u00fd \u010diernobielo na papieri (rolka) o form\u00e1te 297 x 6.000 mm (cca 2m2 potla\u010denej plochy)<a href=\"http:\/\/www.staskovci.sk\/wp-content\/uploads\/2011\/06\/P1030890_.jpg\"><img loading=\"lazy\" decoding=\"async\" class=\"alignnone size-medium wp-image-230\" title=\"Rodostrom\" src=\"http:\/\/www.staskovci.sk\/wp-content\/uploads\/2011\/06\/P1030890_-300x197.jpg\" alt=\"Rodostrom - rolka 6m\" width=\"300\" height=\"197\" srcset=\"https:\/\/www.staskovci.sk\/wp-content\/uploads\/2011\/06\/P1030890_-300x197.jpg 300w, https:\/\/www.staskovci.sk\/wp-content\/uploads\/2011\/06\/P1030890_-1024x675.jpg 1024w, https:\/\/www.staskovci.sk\/wp-content\/uploads\/2011\/06\/P1030890_-50x32.jpg 50w, https:\/\/www.staskovci.sk\/wp-content\/uploads\/2011\/06\/P1030890_-410x270.jpg 410w, https:\/\/www.staskovci.sk\/wp-content\/uploads\/2011\/06\/P1030890_.jpg 1520w\" sizes=\"auto, (max-width: 300px) 100vw, 300px\" \/><\/a><\/li>\n<\/ol>\n<p>Obe publik\u00e1cie je mo\u017en\u00e9 z\u00edska\u0165 za \u00faplatu vopred spolu s \u00fa\u010dastn\u00edckym poplatkom nasledovne:<\/p>\n<ul>\n<li> Publik\u00e1cia Sta\u0161kovci v cene 3\u20ac\/ks<\/li>\n<li> Kompletn\u00fd rodostrom v cene 5\u20ac\/ks<\/li>\n<\/ul>\n<p>Pozn\u00e1mka: Pokia\u013e ide o \u00fadaje z rodostromu, v oboch publik\u00e1ci\u00e1ch s\u00fa uveden\u00e9 rovnako kompletne \u2013 rozdiel je iba v obsahovom a grafickom spracovan\u00ed, ako aj vo v\u00fdstupnom form\u00e1te.<\/p>\n","protected":false},"excerpt":{"rendered":"<p>Miesto a \u010das konania: \u013dubotice, 25.6.2011 Sprievodn\u00fd program: 10:00 \u2013 stretnutie na cintor\u00edne v\u00a0\u013duboticiach, obhliadka hrobov na\u0161ich predkov Hlavn\u00fd program: 11:00 \u2013 sv\u00e4t\u00e1 om\u0161a za star\u00fdch rodi\u010dov v kostole v \u013duboticiach cca 12:00 \u2013 po skon\u010den\u00ed sv\u00e4tej om\u0161e presun do &hellip; <a href=\"https:\/\/www.staskovci.sk\/?page_id=183\">Pokra\u010dova\u0165 v \u010d\u00edtan\u00ed <span class=\"meta-nav\">&rarr;<\/span><\/a><\/p>\n","protected":false},"author":1,"featured_media":0,"parent":283,"menu_order":0,"comment_status":"closed","ping_status":"closed","template":"","meta":{"footnotes":""},"class_list":["post-183","page","type-page","status-publish","hentry"],"_links":{"self":[{"href":"https:\/\/www.staskovci.sk\/index.php?rest_route=\/wp\/v2\/pages\/183","targetHints":{"allow":["GET"]}}],"collection":[{"href":"https:\/\/www.staskovci.sk\/index.php?rest_route=\/wp\/v2\/pages"}],"about":[{"href":"https:\/\/www.staskovci.sk\/index.php?rest_route=\/wp\/v2\/types\/page"}],"author":[{"embeddable":true,"href":"https:\/\/www.staskovci.sk\/index.php?rest_route=\/wp\/v2\/users\/1"}],"replies":[{"embeddable":true,"href":"https:\/\/www.staskovci.sk\/index.php?rest_route=%2Fwp%2Fv2%2Fcomments&post=183"}],"version-history":[{"count":30,"href":"https:\/\/www.staskovci.sk\/index.php?rest_route=\/wp\/v2\/pages\/183\/revisions"}],"predecessor-version":[{"id":222,"href":"https:\/\/www.staskovci.sk\/index.php?rest_route=\/wp\/v2\/pages\/183\/revisions\/222"}],"up":[{"embeddable":true,"href":"https:\/\/www.staskovci.sk\/index.php?rest_route=\/wp\/v2\/pages\/283"}],"wp:attachment":[{"href":"https:\/\/www.staskovci.sk\/index.php?rest_route=%2Fwp%2Fv2%2Fmedia&parent=183"}],"curies":[{"name":"wp","href":"https:\/\/api.w.org\/{rel}","templated":true}]}}