{"id":180,"date":"2011-06-10T22:06:38","date_gmt":"2011-06-10T20:06:38","guid":{"rendered":"http:\/\/www.staskovci.sk\/?page_id=180"},"modified":"2011-07-02T21:32:53","modified_gmt":"2011-07-02T19:32:53","slug":"ucastnici","status":"publish","type":"page","link":"https:\/\/www.staskovci.sk\/?page_id=180","title":{"rendered":"\u00da\u010dastn\u00edci"},"content":{"rendered":"<p><strong>Pozvan\u00ed s\u00fa:<\/strong><\/p>\n<p>V\u0161etci potomkovia, v\u010d\u00edtane ich \u017eivotn\u00fdch partnerov, J\u00e1na Sta\u0161ka (1888 \u2013 1956) a Veroniky Sta\u0161kovej rod. Ondrej\u010d\u00edkovej (1891-1960), z man\u017eelstva ktor\u00fdch vzi\u0161lo 14 det\u00ed: J\u00e1n Sta\u0161ko, \u0160tefan Sta\u0161ko, J\u00falius Sta\u0161ko, M\u00e1ria Martanovi\u010dov\u00e1 rod. Sta\u0161kov\u00e1, Margita Sta\u0161kov\u00e1, Jozef Sta\u0161ko, Helena Koll\u00e1rikov\u00e1 rod. Sta\u0161kov\u00e1, Veronika Sta\u0161kov\u00e1, Viktor Sta\u0161ko, Franti\u0161ka Majirsk\u00e1 rod. Sta\u0161kov\u00e1, Jolana Adam\u010d\u00edkov\u00e1 rod. Sta\u0161kov\u00e1, Gizela Matiskov\u00e1 rod. Sta\u0161kov\u00e1, Vilma Hogerov\u00e1 rod. Sta\u0161kov\u00e1, Gabriela \u0160troncerov\u00e1 rod. Sta\u0161kov\u00e1.<\/p>\n<p>Kompletn\u00fd zoznam potomkov je spracovan\u00fd do grafick\u00e9ho zobrazenia rodostromu a bude dostupn\u00fd \u00fa\u010dastn\u00edkom stretnutia. Vzh\u013eadom na ve\u013ek\u00fd rozsah (aktu\u00e1lne 472 os\u00f4b) bol pre \u00fa\u010dely pozvania na stretnutie rozdelen\u00fd do 13 vetiev (ch\u00fdba vetva Veroniky Sta\u0161kovej, ktor\u00e1 zomrela tesne po naroden\u00ed) nes\u00facich ozna\u010denie pod\u013ea krstn\u00fdch mien p\u00f4vodne \u0161trn\u00e1stich s\u00farodencov a bol s\u00fa\u010das\u0165ou prv\u00e9ho, poz\u00fdvacieho emailu.<\/p>\n<p><strong>Podmienky \u00fa\u010dasti:<\/strong><\/p>\n<p>Podmienkou \u00fa\u010dasti na stretnut\u00ed je zaplatenie \u00fa\u010dastn\u00edckeho poplatku, ktor\u00fd je stanoven\u00fd nasledovne:<\/p>\n<ul>\n<li>Dospel\u00ed od 19 rokov \u2013 8\u20ac\/osoba<\/li>\n<li>Ml\u00e1de\u017e od 7 do 18 rokov \u2013 4\u20ac\/osoba<\/li>\n<li>Deti do 7 rokov \u2013 zdarma<\/li>\n<li>Priami potomkovia J\u00e1na a Veroniky a ich partneri (Jolana Adam\u010d\u00edkov\u00e1, Gizela Matiskov\u00e1, Vilma Hogerov\u00e1, Gabriela \u0160troncerov\u00e1, J\u00e1n \u0160troncer, Veronika Sta\u0161kov\u00e1 &#8211; man\u017eelka Jozefa, Ter\u00e9zia Sta\u0161kov\u00e1 &#8211; man\u017eelka Viktora) \u2013 zdarma<\/li>\n<\/ul>\n<p>Pozn\u00e1mka: Pokia\u013e existuj\u00fa tak\u00ed, pre ktor\u00fdch je zverejnen\u00e1 v\u00fd\u0161ka poplatku prek\u00e1\u017ekou ich \u00fa\u010dasti na stretnut\u00ed, pros\u00edme, aby n\u00e1s obratom kontaktovali na na\u0161ej emailovej adrese <a href=\"mailto:staskovci2011@gmail.com\">staskovci2011@gmail.com<\/a> &#8211; ur\u010dite n\u00e1jdeme sp\u00f4sob, ako im \u00fa\u010das\u0165 na stretnut\u00ed umo\u017eni\u0165.<\/p>\n<p><strong>Sp\u00f4sob \u00fahrady \u00fa\u010dastn\u00edckeho poplatku:<\/strong><\/p>\n<p>V\u00a0term\u00edne najnesk\u00f4r do 22.6.2011 po\u010d\u00edtame s Va\u0161ou\u00a0bezhotovostnou \u00fahradou na n\u00e1\u0161 bankov\u00fd \u00fa\u010det:<\/p>\n<p>Banka: mBank<br \/>\n\u010c\u00edslo \u00fa\u010dtu: 520700-4200708722\/8360<br \/>\nPre platby zo zahrani\u010dia:<br \/>\nIBAN: SK5083605207004200708722<br \/>\nSWIFT: BREXSKBX<\/p>\n<p>V\u00a0momente odoslania Va\u0161ej platby V\u00e1s pros\u00edme o vyplnenie <a href=\"https:\/\/spreadsheets.google.com\/spreadsheet\/viewform?formkey=dFNZR0dmbVpzNHdXZzhSdERxYl9DLVE6MQ\" target=\"_blank\">formul\u00e1ra <\/a>alebo\u00a0o\u00a0zaslanie sprievodn\u00e9 emailu na na\u0161u emailov\u00fa adresu <a href=\"mailto:staskovci2011@gmail.com\">staskovci2011@gmail.com<\/a> obsahuj\u00faceho nasledovn\u00e9 \u00fadaje:<\/p>\n<ul>\n<li>V\u00fd\u0161ku odoslanej sumy spolu s\u00a0inform\u00e1ciou, ako m\u00f4\u017eeme Va\u0161u platbu \u010do naj\u013eah\u0161ie identifikova\u0165 (variabiln\u00fd symbol, \u0161pecifick\u00fd symbol, sprievodn\u00fd text ap.)<\/li>\n<li>Presn\u00e9 men\u00e1 a\u00a0priezvisk\u00e1 os\u00f4b, za ktor\u00e9 posielate \u00fahradu. Tieto \u00fadaje bezpodmiene\u010dne potrebujeme na pr\u00edpravu identifika\u010dn\u00e9ho syst\u00e9mu (visa\u010dky), ktor\u00fdmi bud\u00fa \u00fa\u010dastn\u00edci stretnutia ozna\u010den\u00ed v\u00a0z\u00e1ujme vz\u00e1jomnej bezprobl\u00e9movej identifik\u00e1cie.<\/li>\n<li>Presn\u00fd po\u010det kusov po\u017eadovan\u00fdch <a href=\"http:\/\/www.staskovci.sk?page_id=183#publikacie\">publik\u00e1ci\u00ed <\/a>Sta\u0161kovci v\u00a0cene 3\u20ac\/ks resp. kompletn\u00e9ho rodostromu v\u00a0cene 5\u20ac\/ks<\/li>\n<\/ul>\n<p>Pozn\u00e1mka: Ak je prek\u00e1\u017ekou uveden\u00e1 forma platby, kontaktujte n\u00e1s.<\/p>\n","protected":false},"excerpt":{"rendered":"<p>Pozvan\u00ed s\u00fa: V\u0161etci potomkovia, v\u010d\u00edtane ich \u017eivotn\u00fdch partnerov, J\u00e1na Sta\u0161ka (1888 \u2013 1956) a Veroniky Sta\u0161kovej rod. Ondrej\u010d\u00edkovej (1891-1960), z man\u017eelstva ktor\u00fdch vzi\u0161lo 14 det\u00ed: J\u00e1n Sta\u0161ko, \u0160tefan Sta\u0161ko, J\u00falius Sta\u0161ko, M\u00e1ria Martanovi\u010dov\u00e1 rod. Sta\u0161kov\u00e1, Margita Sta\u0161kov\u00e1, Jozef Sta\u0161ko, Helena &hellip; <a href=\"https:\/\/www.staskovci.sk\/?page_id=180\">Pokra\u010dova\u0165 v \u010d\u00edtan\u00ed <span class=\"meta-nav\">&rarr;<\/span><\/a><\/p>\n","protected":false},"author":1,"featured_media":0,"parent":283,"menu_order":0,"comment_status":"closed","ping_status":"closed","template":"","meta":{"footnotes":""},"class_list":["post-180","page","type-page","status-publish","hentry"],"_links":{"self":[{"href":"https:\/\/www.staskovci.sk\/index.php?rest_route=\/wp\/v2\/pages\/180","targetHints":{"allow":["GET"]}}],"collection":[{"href":"https:\/\/www.staskovci.sk\/index.php?rest_route=\/wp\/v2\/pages"}],"about":[{"href":"https:\/\/www.staskovci.sk\/index.php?rest_route=\/wp\/v2\/types\/page"}],"author":[{"embeddable":true,"href":"https:\/\/www.staskovci.sk\/index.php?rest_route=\/wp\/v2\/users\/1"}],"replies":[{"embeddable":true,"href":"https:\/\/www.staskovci.sk\/index.php?rest_route=%2Fwp%2Fv2%2Fcomments&post=180"}],"version-history":[{"count":26,"href":"https:\/\/www.staskovci.sk\/index.php?rest_route=\/wp\/v2\/pages\/180\/revisions"}],"predecessor-version":[{"id":227,"href":"https:\/\/www.staskovci.sk\/index.php?rest_route=\/wp\/v2\/pages\/180\/revisions\/227"}],"up":[{"embeddable":true,"href":"https:\/\/www.staskovci.sk\/index.php?rest_route=\/wp\/v2\/pages\/283"}],"wp:attachment":[{"href":"https:\/\/www.staskovci.sk\/index.php?rest_route=%2Fwp%2Fv2%2Fmedia&parent=180"}],"curies":[{"name":"wp","href":"https:\/\/api.w.org\/{rel}","templated":true}]}}